{"id":6,"date":"2022-01-07T09:30:30","date_gmt":"2022-01-07T08:30:30","guid":{"rendered":"http:\/\/www.etxauri.eus\/?page_id=6"},"modified":"2024-11-25T09:52:11","modified_gmt":"2024-11-25T08:52:11","slug":"telefonos","status":"publish","type":"page","link":"http:\/\/www.etxauri.eus\/es\/telefonos\/","title":{"rendered":"Tel\u00e9fonos"},"content":{"rendered":"<p><strong>AYUNTAMIENTO<\/strong><\/p>\n<ul>\n<li>Horario Oficinas:\u00a0de 9:30 a\u00a014:30.<\/li>\n<li>Direcci\u00f3n : Plaza Zaldualdea 1 c.p. 31174 Etxauri (NAVARRA)<\/li>\n<li>Tel\u00e9fono : 948 32 93 10 (de 9:30 a 14:30)<\/li>\n<li>Fax : 948 32 93 77<\/li>\n<li>Email: <a href=\"mailto:udala@etxauri.es\">udala@etxauri.es<\/a><\/li>\n<\/ul>\n<p><strong>ORGANISMO AUT\u00d3NOMO DENAK BAT<\/strong><\/p>\n<ul class=\"elementolistado\">\n<li>Direcci\u00f3n : Plaza Zaldualdea 1 c.p. 31174 Etxauri (NAVARRA)<\/li>\n<li>Email : denakbat@etxauri.es<\/li>\n<li><a class=\"pdf mtli_attachment mtli_pdf\" title=\"El documento PDF se abrir\u00e1 en nueva ventana\" href=\"\/wp-content\/uploads\/sites\/103\/2015\/10\/sociedad_deportiva_denak_bat.pdf\" target=\"_blank\" rel=\"noopener\">Sociedad Cultural Recreativa Deportiva Denak Bat (Tama\u00f1o 60Kb).<\/a><\/li>\n<\/ul>\n<p><strong>PISCINAS<\/strong><\/p>\n<ul class=\"elementolistado\">\n<li>Direcci\u00f3n : Diseminado c.p. 31174 Etxauri (NAVARRA)<\/li>\n<li>Tel\u00e9fono : 948 32 91 75<\/li>\n<\/ul>\n<p><strong>SERVICIO DE IGUALDAD<\/strong><\/p>\n<p>El Servicio de Igualdad del Ayuntamiento de Etxauri dise\u00f1a, planifica, gestiona y eval\u00faa las pol\u00edticas p\u00fablicas municipales de Igualdad del municipio.<\/p>\n<p>Tambi\u00e9n, sensibiliza, informa y asesora tanto a nivel interno (el propio personal municipal), como externo (ciudadan\u00eda, asociaciones y colectivos), en materia de igualdad de oportunidades.<\/p>\n<p><em><u>Contacto:<\/u><\/em><\/p>\n<p><em><u>Direcci\u00f3n<\/u><\/em><u>:<\/u> Ayuntamiento de Cendea de Olza, calle Angulo, n\u00ba 2 \u2013 31171 Ororbia (NAFARROA)<\/p>\n<p><em><u>Tel\u00e9fono<\/u><\/em><u>:<\/u> 948 32 20 68\u2013 621 68 50 61<\/p>\n<p><em><u>Email<\/u><\/em><strong>: <\/strong><a href=\"mailto:berdintasun_teknikaria@ayuntamientoolza.com\">berdintasun_teknikaria@ayuntamientoolza.com\u00a0<\/a><\/p>\n<p><strong>CONSULTORIO LOCAL<\/strong><\/p>\n<ul>\n<li><strong>Consultas<\/strong>,m\u00e9dico y enfermera:\n<ul>\n<li>Lunes, martes, jueves y viernes de 11:00 a\u00a014:00<\/li>\n<li>Mi\u00e9rcoles desde las 8:00<\/li>\n<\/ul>\n<\/li>\n<li><strong>Domicilios:\u00a0\u00a0<\/strong><strong style=\"font-size: 14px\">Siempre con cita previa<\/strong><span style=\"font-size: 14px\">\u00a0<\/span>\n<ul>\n<li>M\u00e9dico y enfermera: de 10 a 11 h<\/li>\n<\/ul>\n<\/li>\n<li><strong>Urgencias<\/strong> fuera de ese horario:\n<ul>\n<li>Ma\u00f1anas, llamar a Orkoien: 948 32 10 11<\/li>\n<li>Tardes, noches y festivos: 112<\/li>\n<\/ul>\n<\/li>\n<li>Direcci\u00f3n : Calle Mayor 3 c.p. 31174 Etxauri (NAVARRA)<\/li>\n<li>Tel\u00e9fono : 948 63 30 78<\/li>\n<\/ul>\n<p style=\"padding-left: 60px\"><strong>CITA PREVIA\u00a0<\/strong><\/p>\n<ul>\n<li>Orkoien, de 8 a 15 h: 948 32 10 11<\/li>\n<li>Etxauri, de 11-14 h: 948 32 92 52<\/li>\n<\/ul>\n<p><strong>ASESORAMIENTO <\/strong><b>URBAN\u00cdSTICO<\/b><\/p>\n<ul>\n<li>ORVE (Oficina de Rehabilitaci\u00f3n de Viviendas y Edificios. <strong>COMARCA DE PAMPLONA<\/strong>)<\/li>\n<li>Direcci\u00f3n: C\/. Joaqu\u00edn Azc\u00e1rate, s\/n bajo<\/li>\n<li>C.P.: 31600 BURLADA<\/li>\n<li>Tel\u00e9fono.: 948 13 02 33<\/li>\n<li>Email:\u00a0<a href=\"mailto:orve@infonegocio.com\">info@orvecomarcapamplona.com<\/a><\/li>\n<li><strong><span style=\"color: #ff0000\"><a style=\"color: #ff0000\" href=\"http:\/\/www.etxauri.eus\/wp-content\/uploads\/sites\/103\/2019\/03\/ORVE.pdf\" class=\"mtli_attachment mtli_pdf\">ORVE<\/a><\/span><\/strong><\/li>\n<\/ul>\n<p><strong>SERVICIO SOCIAL DE BASE<\/strong><\/p>\n<ul>\n<li>Cada<strong> <u>\u00faltimo jueves de mes<\/u> y <\/strong>de<strong> <u>10:00 a 12:00<\/u><\/strong>, tendremos en las oficinas del Ayuntamiento de Etxauri la presencia del Trabajador Social.\u00a0<span style=\"font-size: 14px\">Para pedir <\/span><strong style=\"font-size: 14px\"><u>cita previa<\/u><\/strong><span style=\"font-size: 14px\">, hay que llamar al tel\u00e9fono <\/span><strong style=\"font-size: 14px\">948 32 93 10<\/strong><span style=\"font-size: 14px\"> (Ayuntamiento de Etxauri), entre las <\/span><strong style=\"font-size: 14px\">9:30 y las 14:30<\/strong><\/li>\n<li><a href=\"http:\/\/www.etxauri.eus\/wp-content\/uploads\/sites\/103\/2023\/07\/Gizarte-Zerbitzuak_-Servicios-Sociales.pdf\" class=\"mtli_attachment mtli_pdf\" target=\"_blank\" rel=\"noopener\">Gizarte Zerbitzuak<\/a><\/li>\n<\/ul>\n<p><strong>SERVICIO DE EUSKERA<\/strong><\/p>\n<ul>\n<li>Ayuntamiento: Mi\u00e9rcoles.<\/li>\n<li>Resto de la semana: Ayuntamiento de Orkoien (948 32 10 31).Email : <a class=\"enlace\" title=\"Abrir\u00e1 su cliente de correo predeterminado\" href=\"mailto:euskera@orkoien.com\">euskera@orkoien.com\u00a0<\/a><\/li>\n<\/ul>\n<p><strong>FARMACIA<\/strong><\/p>\n<ul>\n<li>Direcci\u00f3n : Plaza Francisca Salinas 5 c.p. 31174 Etxauri (NAVARRA)<\/li>\n<li>Tel\u00e9fono : 948 32 90 39<\/li>\n<li>Horario:\u00a0 de <span class=\"w8qArf\">10:00 a 14:00 y\u00a0 de 17:00 a 19:00 <\/span><\/li>\n<\/ul>\n<p><strong style=\"font-size: 14px\">ADOAIN ALIMENTACI\u00d3N<\/strong><\/p>\n<ul>\n<li>Direcci\u00f3n : C. Romana Basterra, 1.\u00a0 31174 Etxauri (NAVARRA)<\/li>\n<li>Tel\u00e9fono : 948 32 95 19<\/li>\n<li>Horario:\u00a0<a href=\"http:\/\/www.etxauri.eus\/wp-content\/uploads\/sites\/103\/2023\/01\/ADOAIN.jpeg\"><br \/>\n<img loading=\"lazy\" decoding=\"async\" class=\"alignnone size-medium wp-image-14051\" src=\"http:\/\/www.etxauri.eus\/wp-content\/uploads\/sites\/103\/2023\/01\/ADOAIN-300x254.jpeg\" alt=\"\" width=\"300\" height=\"254\" srcset=\"http:\/\/www.etxauri.eus\/wp-content\/uploads\/sites\/103\/2023\/01\/ADOAIN-300x254.jpeg 300w, http:\/\/www.etxauri.eus\/wp-content\/uploads\/sites\/103\/2023\/01\/ADOAIN-600x507.jpeg 600w, http:\/\/www.etxauri.eus\/wp-content\/uploads\/sites\/103\/2023\/01\/ADOAIN.jpeg 697w\" sizes=\"auto, (max-width: 300px) 100vw, 300px\" \/><\/a><\/li>\n<\/ul>\n<p><strong>MANCOMUNIDAD DE LA COMARCA DE PAMPLONA<\/strong><\/p>\n<ul>\n<li>Direcci\u00f3n : Calle General Chinchilla 7 c.p. 31002 Pamplona (NAVARRA)<\/li>\n<li>Tel\u00e9fono : 901 50 25 03<\/li>\n<li>P\u00e1gina web : <a class=\"enlace abrirventana\" title=\"se abre en nueva ventana\" href=\"http:\/\/www.mcp.es\">http:\/\/www.mcp.es<\/a><\/li>\n<\/ul>\n<p><strong>ELECTRA VALDIZARBE<\/strong><\/p>\n<ul>\n<li>Direcci\u00f3n : Calle Plazaola 2, Escalera Derecha 1 E c.p. 31002 Pamplona (NAVARRA)<\/li>\n<li>Tel\u00e9fono : 948 21 17 96<\/li>\n<\/ul>\n<p><strong>CENTRO DE PROTECCI\u00d3N ANIMAL<\/strong><\/p>\n<ul>\n<li>Horario: De lunes a viernes de\u00a013:30 a\u00a015:00. S\u00e1bados de\u00a011:0012:00<\/li>\n<li><a title=\"ABZ\" href=\"https:\/\/www.facebook.com\/CPA-Etxauri-1490088974613897\/?ref=hl\">https:\/\/www.facebook.com\/CPA-Etxauri-1490088974613897\/?ref=hl<\/a><\/li>\n<\/ul>\n<ul>\n<li>Direcci\u00f3n : Diseminado c.p. 31174 Etxauri (NAVARRA)<\/li>\n<li>Tel\u00e9fono : 948 32 92 93<\/li>\n<\/ul>\n<p><strong>AUTOBUSES LA PAMPLONESA<\/strong><\/p>\n<ul>\n<li>Direcci\u00f3n : Pol\u00edgono Landaben Calle A c.p. 31012 Pamplona (NAVARRA)<\/li>\n<li>Tel\u00e9fono : 948 18 88 81<\/li>\n<li>Email : <a class=\"enlace\" title=\"Abrir\u00e1 su cliente de correo predeterminado\" href=\"mailto:autobuses@lapamplonesa.com\">autobuses@lapamplonesa.com<\/a><\/li>\n<li>P\u00e1gina web : http:\/\/www.lapamplonesa.com<\/li>\n<\/ul>\n<p><strong style=\"font-size: 14px\">JUZGADO DE PAZ DE ZIZUR MAYOR<\/strong><\/p>\n<ul>\n<li>Direcci\u00f3n : Parque Erreniega 25 c.p. 31180 Zizur Mayor (NAVARRA)<\/li>\n<li>Tel\u00e9fono : 948 18 78 44<\/li>\n<\/ul>\n<p><strong>SOCIEDAD COOPERATIVA AGRARIA ORVALAIZ<\/strong><\/p>\n<ul>\n<li>Direcci\u00f3n : Ctra. Ast\u00e1in, s\/n<\/li>\n<li>C.p. 31171 Ororbia (NAVARRA)<\/li>\n<li>Tel\u00e9fono : 948 32 24 03<\/li>\n<li>Email : <a title=\"Abrir\u00e1 tu correo predeterminado\" href=\"mailto:orvalaiz@orvalaiz.es\" target=\"_blank\" rel=\"noopener\">orvalaiz@orvalaiz.es<\/a><\/li>\n<\/ul>\n<p><\/p>","protected":false},"excerpt":{"rendered":"<p>AYUNTAMIENTO Horario Oficinas:\u00a0de 9:30 a\u00a014:30. Direcci\u00f3n : Plaza Zaldualdea 1 c.p. 31174 Etxauri (NAVARRA) Tel\u00e9fono : 948 32 93 10 (de 9:30 a 14:30) Fax : 948 32 93 77 Email: udala@etxauri.es ORGANISMO AUT\u00d3NOMO DENAK BAT Direcci\u00f3n : Plaza Zaldualdea&hellip; <\/p>\n","protected":false},"author":1,"featured_media":0,"parent":0,"menu_order":73,"comment_status":"closed","ping_status":"closed","template":"","meta":{"_monsterinsights_skip_tracking":false,"_monsterinsights_sitenote_active":false,"_monsterinsights_sitenote_note":"","_monsterinsights_sitenote_category":0,"footnotes":""},"class_list":["post-6","page","type-page","status-publish","hentry"],"yoast_head":"<!-- This site is optimized with the Yoast SEO plugin v26.8 - https:\/\/yoast.com\/product\/yoast-seo-wordpress\/ -->\r\n<title>Tel\u00e9fonos - Ayuntamiento de Etxauri<\/title>\r\n<meta name=\"robots\" content=\"index, follow, max-snippet:-1, max-image-preview:large, max-video-preview:-1\" \/>\r\n<link rel=\"canonical\" href=\"http:\/\/www.etxauri.eus\/es\/telefonos\/\" \/>\r\n<meta property=\"og:locale\" content=\"es_ES\" \/>\r\n<meta property=\"og:type\" content=\"article\" \/>\r\n<meta property=\"og:title\" content=\"Tel\u00e9fonos - Ayuntamiento de Etxauri\" \/>\r\n<meta property=\"og:description\" content=\"AYUNTAMIENTO Horario Oficinas:\u00a0de 9:30 a\u00a014:30. Direcci\u00f3n : Plaza Zaldualdea 1 c.p. 31174 Etxauri (NAVARRA) Tel\u00e9fono : 948 32 93 10 (de 9:30 a 14:30) Fax : 948 32 93 77 Email: udala@etxauri.es ORGANISMO AUT\u00d3NOMO DENAK BAT Direcci\u00f3n : Plaza Zaldualdea&hellip;\" \/>\r\n<meta property=\"og:url\" content=\"http:\/\/www.etxauri.eus\/es\/telefonos\/\" \/>\r\n<meta property=\"og:site_name\" content=\"Ayuntamiento de Etxauri\" \/>\r\n<meta property=\"article:modified_time\" content=\"2024-11-25T08:52:11+00:00\" \/>\r\n<meta property=\"og:image\" content=\"http:\/\/www.etxauri.eus\/wp-content\/uploads\/sites\/103\/2023\/01\/ADOAIN-300x254.jpeg\" \/>\r\n<meta name=\"twitter:card\" content=\"summary_large_image\" \/>\r\n<meta name=\"twitter:label1\" content=\"Tiempo de lectura\" \/>\n\t<meta name=\"twitter:data1\" content=\"4 minutos\" \/>\r\n<script type=\"application\/ld+json\" class=\"yoast-schema-graph\">{\"@context\":\"https:\/\/schema.org\",\"@graph\":[{\"@type\":\"WebPage\",\"@id\":\"http:\/\/www.etxauri.eus\/es\/telefonos\/\",\"url\":\"http:\/\/www.etxauri.eus\/es\/telefonos\/\",\"name\":\"Tel\u00e9fonos - Ayuntamiento de Etxauri\",\"isPartOf\":{\"@id\":\"https:\/\/www.etxauri.eus\/es\/#website\"},\"primaryImageOfPage\":{\"@id\":\"http:\/\/www.etxauri.eus\/es\/telefonos\/#primaryimage\"},\"image\":{\"@id\":\"http:\/\/www.etxauri.eus\/es\/telefonos\/#primaryimage\"},\"thumbnailUrl\":\"http:\/\/www.etxauri.eus\/wp-content\/uploads\/sites\/103\/2023\/01\/ADOAIN-300x254.jpeg\",\"datePublished\":\"2022-01-07T08:30:30+00:00\",\"dateModified\":\"2024-11-25T08:52:11+00:00\",\"breadcrumb\":{\"@id\":\"http:\/\/www.etxauri.eus\/es\/telefonos\/#breadcrumb\"},\"inLanguage\":\"es\",\"potentialAction\":[{\"@type\":\"ReadAction\",\"target\":[[\"http:\/\/www.etxauri.eus\/es\/telefonos\/\"]]}]},{\"@type\":\"ImageObject\",\"inLanguage\":\"es\",\"@id\":\"http:\/\/www.etxauri.eus\/es\/telefonos\/#primaryimage\",\"url\":\"http:\/\/www.etxauri.eus\/wp-content\/uploads\/sites\/103\/2023\/01\/ADOAIN-300x254.jpeg\",\"contentUrl\":\"http:\/\/www.etxauri.eus\/wp-content\/uploads\/sites\/103\/2023\/01\/ADOAIN-300x254.jpeg\"},{\"@type\":\"BreadcrumbList\",\"@id\":\"http:\/\/www.etxauri.eus\/es\/telefonos\/#breadcrumb\",\"itemListElement\":[{\"@type\":\"ListItem\",\"position\":1,\"name\":\"Portada\",\"item\":\"https:\/\/www.etxauri.eus\/es\/\"},{\"@type\":\"ListItem\",\"position\":2,\"name\":\"Tel\u00e9fonos\"}]},{\"@type\":\"WebSite\",\"@id\":\"https:\/\/www.etxauri.eus\/es\/#website\",\"url\":\"https:\/\/www.etxauri.eus\/es\/\",\"name\":\"Ayuntamiento de Etxauri\",\"description\":\"Ayuntamiento de Etxauri\",\"potentialAction\":[{\"@type\":\"SearchAction\",\"target\":{\"@type\":\"EntryPoint\",\"urlTemplate\":\"https:\/\/www.etxauri.eus\/es\/?s={search_term_string}\"},\"query-input\":{\"@type\":\"PropertyValueSpecification\",\"valueRequired\":true,\"valueName\":\"search_term_string\"}}],\"inLanguage\":\"es\"}]}<\/script>\r\n<!-- \/ Yoast SEO plugin. -->","yoast_head_json":{"title":"Tel\u00e9fonos - Ayuntamiento de Etxauri","robots":{"index":"index","follow":"follow","max-snippet":"max-snippet:-1","max-image-preview":"max-image-preview:large","max-video-preview":"max-video-preview:-1"},"canonical":"http:\/\/www.etxauri.eus\/es\/telefonos\/","og_locale":"es_ES","og_type":"article","og_title":"Tel\u00e9fonos - Ayuntamiento de Etxauri","og_description":"AYUNTAMIENTO Horario Oficinas:\u00a0de 9:30 a\u00a014:30. Direcci\u00f3n : Plaza Zaldualdea 1 c.p. 31174 Etxauri (NAVARRA) Tel\u00e9fono : 948 32 93 10 (de 9:30 a 14:30) Fax : 948 32 93 77 Email: udala@etxauri.es ORGANISMO AUT\u00d3NOMO DENAK BAT Direcci\u00f3n : Plaza Zaldualdea&hellip;","og_url":"http:\/\/www.etxauri.eus\/es\/telefonos\/","og_site_name":"Ayuntamiento de Etxauri","article_modified_time":"2024-11-25T08:52:11+00:00","og_image":[{"url":"http:\/\/www.etxauri.eus\/wp-content\/uploads\/sites\/103\/2023\/01\/ADOAIN-300x254.jpeg","type":"","width":"","height":""}],"twitter_card":"summary_large_image","twitter_misc":{"Tiempo de lectura":"4 minutos"},"schema":{"@context":"https:\/\/schema.org","@graph":[{"@type":"WebPage","@id":"http:\/\/www.etxauri.eus\/es\/telefonos\/","url":"http:\/\/www.etxauri.eus\/es\/telefonos\/","name":"Tel\u00e9fonos - Ayuntamiento de Etxauri","isPartOf":{"@id":"https:\/\/www.etxauri.eus\/es\/#website"},"primaryImageOfPage":{"@id":"http:\/\/www.etxauri.eus\/es\/telefonos\/#primaryimage"},"image":{"@id":"http:\/\/www.etxauri.eus\/es\/telefonos\/#primaryimage"},"thumbnailUrl":"http:\/\/www.etxauri.eus\/wp-content\/uploads\/sites\/103\/2023\/01\/ADOAIN-300x254.jpeg","datePublished":"2022-01-07T08:30:30+00:00","dateModified":"2024-11-25T08:52:11+00:00","breadcrumb":{"@id":"http:\/\/www.etxauri.eus\/es\/telefonos\/#breadcrumb"},"inLanguage":"es","potentialAction":[{"@type":"ReadAction","target":[["http:\/\/www.etxauri.eus\/es\/telefonos\/"]]}]},{"@type":"ImageObject","inLanguage":"es","@id":"http:\/\/www.etxauri.eus\/es\/telefonos\/#primaryimage","url":"http:\/\/www.etxauri.eus\/wp-content\/uploads\/sites\/103\/2023\/01\/ADOAIN-300x254.jpeg","contentUrl":"http:\/\/www.etxauri.eus\/wp-content\/uploads\/sites\/103\/2023\/01\/ADOAIN-300x254.jpeg"},{"@type":"BreadcrumbList","@id":"http:\/\/www.etxauri.eus\/es\/telefonos\/#breadcrumb","itemListElement":[{"@type":"ListItem","position":1,"name":"Portada","item":"https:\/\/www.etxauri.eus\/es\/"},{"@type":"ListItem","position":2,"name":"Tel\u00e9fonos"}]},{"@type":"WebSite","@id":"https:\/\/www.etxauri.eus\/es\/#website","url":"https:\/\/www.etxauri.eus\/es\/","name":"Ayuntamiento de Etxauri","description":"Ayuntamiento de Etxauri","potentialAction":[{"@type":"SearchAction","target":{"@type":"EntryPoint","urlTemplate":"https:\/\/www.etxauri.eus\/es\/?s={search_term_string}"},"query-input":{"@type":"PropertyValueSpecification","valueRequired":true,"valueName":"search_term_string"}}],"inLanguage":"es"}]}},"_links":{"self":[{"href":"http:\/\/www.etxauri.eus\/es\/wp-json\/wp\/v2\/pages\/6","targetHints":{"allow":["GET"]}}],"collection":[{"href":"http:\/\/www.etxauri.eus\/es\/wp-json\/wp\/v2\/pages"}],"about":[{"href":"http:\/\/www.etxauri.eus\/es\/wp-json\/wp\/v2\/types\/page"}],"author":[{"embeddable":true,"href":"http:\/\/www.etxauri.eus\/es\/wp-json\/wp\/v2\/users\/1"}],"replies":[{"embeddable":true,"href":"http:\/\/www.etxauri.eus\/es\/wp-json\/wp\/v2\/comments?post=6"}],"version-history":[{"count":35,"href":"http:\/\/www.etxauri.eus\/es\/wp-json\/wp\/v2\/pages\/6\/revisions"}],"predecessor-version":[{"id":16347,"href":"http:\/\/www.etxauri.eus\/es\/wp-json\/wp\/v2\/pages\/6\/revisions\/16347"}],"wp:attachment":[{"href":"http:\/\/www.etxauri.eus\/es\/wp-json\/wp\/v2\/media?parent=6"}],"curies":[{"name":"wp","href":"https:\/\/api.w.org\/{rel}","templated":true}]}}