{"id":7264,"date":"2015-12-09T12:02:09","date_gmt":"2015-12-09T12:02:09","guid":{"rendered":"http:\/\/www.animsa.es\/?page_id=7264"},"modified":"2016-03-04T10:41:07","modified_gmt":"2016-03-04T09:41:07","slug":"organizacion-y-patrimonio-municipal","status":"publish","type":"page","link":"http:\/\/www.etxauri.eus\/es\/general\/transparencia\/informacion-institucional-cargos-electos-y-personal-del-ayuntamiento\/organizacion-y-patrimonio-municipal\/","title":{"rendered":"Organizaci\u00f3n y patrimonio municipal"},"content":{"rendered":"<p><\/p>\n<ul>\n<li>\u00d3rganos de Gobierno y funciones de los mismos<\/li>\n<li>\u00d3rganos descentralizados, sociedades municipales, funciones y enlace a sus webs.<\/li>\n<li>Relaci\u00f3n de puestos de trabajo de las diferentes sociedades municipales, incluyendo los puestos de confianza.<\/li>\n<li>Plan estrat\u00e9gico municipal o Agenda 21.<\/li>\n<li>Planes y programas anuales o plurianuales, incluyendo actividades y objetivos (Ley 19\/2013)<\/li>\n<li>Veh\u00edculos oficiales adscritos al ayuntamiento.<\/li>\n<li>Inventario de inmuebles, bienes y derechos municipales. (Ley 19\/2013)<\/li>\n<li>Informes internos de los \u00f3rganos de asesoramiento jur\u00eddico y de la intervenci\u00f3n (Ley 19\/2013)<\/li>\n<\/ul>\n<p><\/p>","protected":false},"excerpt":{"rendered":"<p>\u00d3rganos de Gobierno y funciones de los mismos \u00d3rganos descentralizados, sociedades municipales, funciones y enlace a sus webs. Relaci\u00f3n de puestos de trabajo de las diferentes sociedades municipales, incluyendo los puestos de confianza. Plan estrat\u00e9gico municipal o Agenda 21. Planes&hellip; <\/p>\n","protected":false},"author":1,"featured_media":0,"parent":7250,"menu_order":0,"comment_status":"closed","ping_status":"closed","template":"","meta":{"_monsterinsights_skip_tracking":false,"_monsterinsights_sitenote_active":false,"_monsterinsights_sitenote_note":"","_monsterinsights_sitenote_category":0,"footnotes":""},"class_list":["post-7264","page","type-page","status-publish","hentry"],"yoast_head":"<!-- This site is optimized with the Yoast SEO plugin v26.8 - https:\/\/yoast.com\/product\/yoast-seo-wordpress\/ -->\r\n<title>Organizaci\u00f3n y patrimonio municipalAntolaketa eta udal ondarea - Ayuntamiento de Etxauri<\/title>\r\n<meta name=\"robots\" content=\"index, follow, max-snippet:-1, max-image-preview:large, max-video-preview:-1\" \/>\r\n<link rel=\"canonical\" href=\"http:\/\/www.etxauri.eus\/es\/general\/transparencia\/informacion-institucional-cargos-electos-y-personal-del-ayuntamiento\/organizacion-y-patrimonio-municipal\/\" \/>\r\n<meta property=\"og:locale\" content=\"es_ES\" \/>\r\n<meta property=\"og:type\" content=\"article\" \/>\r\n<meta property=\"og:title\" content=\"Organizaci\u00f3n y patrimonio municipalAntolaketa eta udal ondarea - Ayuntamiento de Etxauri\" \/>\r\n<meta property=\"og:description\" content=\"\u00d3rganos de Gobierno y funciones de los mismos \u00d3rganos descentralizados, sociedades municipales, funciones y enlace a sus webs. Relaci\u00f3n de puestos de trabajo de las diferentes sociedades municipales, incluyendo los puestos de confianza. Plan estrat\u00e9gico municipal o Agenda 21. Planes&hellip;\" \/>\r\n<meta property=\"og:url\" content=\"http:\/\/www.etxauri.eus\/es\/general\/transparencia\/informacion-institucional-cargos-electos-y-personal-del-ayuntamiento\/organizacion-y-patrimonio-municipal\/\" \/>\r\n<meta property=\"og:site_name\" content=\"Ayuntamiento de Etxauri\" \/>\r\n<meta property=\"article:modified_time\" content=\"2016-03-04T09:41:07+00:00\" \/>\r\n<meta name=\"twitter:card\" content=\"summary_large_image\" \/>\r\n<meta name=\"twitter:label1\" content=\"Tiempo de lectura\" \/>\n\t<meta name=\"twitter:data1\" content=\"1 minuto\" \/>\r\n<script type=\"application\/ld+json\" class=\"yoast-schema-graph\">{\"@context\":\"https:\/\/schema.org\",\"@graph\":[{\"@type\":\"WebPage\",\"@id\":\"http:\/\/www.etxauri.eus\/es\/general\/transparencia\/informacion-institucional-cargos-electos-y-personal-del-ayuntamiento\/organizacion-y-patrimonio-municipal\/\",\"url\":\"http:\/\/www.etxauri.eus\/es\/general\/transparencia\/informacion-institucional-cargos-electos-y-personal-del-ayuntamiento\/organizacion-y-patrimonio-municipal\/\",\"name\":\"Organizaci\u00f3n y patrimonio municipalAntolaketa eta udal ondarea - Ayuntamiento de Etxauri\",\"isPartOf\":{\"@id\":\"https:\/\/www.etxauri.eus\/es\/#website\"},\"datePublished\":\"2015-12-09T12:02:09+00:00\",\"dateModified\":\"2016-03-04T09:41:07+00:00\",\"breadcrumb\":{\"@id\":\"http:\/\/www.etxauri.eus\/es\/general\/transparencia\/informacion-institucional-cargos-electos-y-personal-del-ayuntamiento\/organizacion-y-patrimonio-municipal\/#breadcrumb\"},\"inLanguage\":\"es\",\"potentialAction\":[{\"@type\":\"ReadAction\",\"target\":[[\"http:\/\/www.etxauri.eus\/es\/general\/transparencia\/informacion-institucional-cargos-electos-y-personal-del-ayuntamiento\/organizacion-y-patrimonio-municipal\/\"]]}]},{\"@type\":\"BreadcrumbList\",\"@id\":\"http:\/\/www.etxauri.eus\/es\/general\/transparencia\/informacion-institucional-cargos-electos-y-personal-del-ayuntamiento\/organizacion-y-patrimonio-municipal\/#breadcrumb\",\"itemListElement\":[{\"@type\":\"ListItem\",\"position\":1,\"name\":\"Portada\",\"item\":\"https:\/\/www.etxauri.eus\/es\/\"},{\"@type\":\"ListItem\",\"position\":2,\"name\":\"Transparencia\",\"item\":\"http:\/\/www.etxauri.eus\/es\/general\/transparencia\/\"},{\"@type\":\"ListItem\",\"position\":3,\"name\":\"Informaci\u00f3n institucional, cargos electos y personal del ayuntamiento\",\"item\":\"http:\/\/www.etxauri.eus\/es\/general\/transparencia\/informacion-institucional-cargos-electos-y-personal-del-ayuntamiento\/\"},{\"@type\":\"ListItem\",\"position\":4,\"name\":\"Organizaci\u00f3n y patrimonio municipal\"}]},{\"@type\":\"WebSite\",\"@id\":\"https:\/\/www.etxauri.eus\/es\/#website\",\"url\":\"https:\/\/www.etxauri.eus\/es\/\",\"name\":\"Ayuntamiento de Etxauri\",\"description\":\"Ayuntamiento de Etxauri\",\"potentialAction\":[{\"@type\":\"SearchAction\",\"target\":{\"@type\":\"EntryPoint\",\"urlTemplate\":\"https:\/\/www.etxauri.eus\/es\/?s={search_term_string}\"},\"query-input\":{\"@type\":\"PropertyValueSpecification\",\"valueRequired\":true,\"valueName\":\"search_term_string\"}}],\"inLanguage\":\"es\"}]}<\/script>\r\n<!-- \/ Yoast SEO plugin. -->","yoast_head_json":{"title":"Organizaci\u00f3n y patrimonio municipalAntolaketa eta udal ondarea - Ayuntamiento de Etxauri","robots":{"index":"index","follow":"follow","max-snippet":"max-snippet:-1","max-image-preview":"max-image-preview:large","max-video-preview":"max-video-preview:-1"},"canonical":"http:\/\/www.etxauri.eus\/es\/general\/transparencia\/informacion-institucional-cargos-electos-y-personal-del-ayuntamiento\/organizacion-y-patrimonio-municipal\/","og_locale":"es_ES","og_type":"article","og_title":"Organizaci\u00f3n y patrimonio municipalAntolaketa eta udal ondarea - Ayuntamiento de Etxauri","og_description":"\u00d3rganos de Gobierno y funciones de los mismos \u00d3rganos descentralizados, sociedades municipales, funciones y enlace a sus webs. Relaci\u00f3n de puestos de trabajo de las diferentes sociedades municipales, incluyendo los puestos de confianza. Plan estrat\u00e9gico municipal o Agenda 21. Planes&hellip;","og_url":"http:\/\/www.etxauri.eus\/es\/general\/transparencia\/informacion-institucional-cargos-electos-y-personal-del-ayuntamiento\/organizacion-y-patrimonio-municipal\/","og_site_name":"Ayuntamiento de Etxauri","article_modified_time":"2016-03-04T09:41:07+00:00","twitter_card":"summary_large_image","twitter_misc":{"Tiempo de lectura":"1 minuto"},"schema":{"@context":"https:\/\/schema.org","@graph":[{"@type":"WebPage","@id":"http:\/\/www.etxauri.eus\/es\/general\/transparencia\/informacion-institucional-cargos-electos-y-personal-del-ayuntamiento\/organizacion-y-patrimonio-municipal\/","url":"http:\/\/www.etxauri.eus\/es\/general\/transparencia\/informacion-institucional-cargos-electos-y-personal-del-ayuntamiento\/organizacion-y-patrimonio-municipal\/","name":"Organizaci\u00f3n y patrimonio municipalAntolaketa eta udal ondarea - Ayuntamiento de Etxauri","isPartOf":{"@id":"https:\/\/www.etxauri.eus\/es\/#website"},"datePublished":"2015-12-09T12:02:09+00:00","dateModified":"2016-03-04T09:41:07+00:00","breadcrumb":{"@id":"http:\/\/www.etxauri.eus\/es\/general\/transparencia\/informacion-institucional-cargos-electos-y-personal-del-ayuntamiento\/organizacion-y-patrimonio-municipal\/#breadcrumb"},"inLanguage":"es","potentialAction":[{"@type":"ReadAction","target":[["http:\/\/www.etxauri.eus\/es\/general\/transparencia\/informacion-institucional-cargos-electos-y-personal-del-ayuntamiento\/organizacion-y-patrimonio-municipal\/"]]}]},{"@type":"BreadcrumbList","@id":"http:\/\/www.etxauri.eus\/es\/general\/transparencia\/informacion-institucional-cargos-electos-y-personal-del-ayuntamiento\/organizacion-y-patrimonio-municipal\/#breadcrumb","itemListElement":[{"@type":"ListItem","position":1,"name":"Portada","item":"https:\/\/www.etxauri.eus\/es\/"},{"@type":"ListItem","position":2,"name":"Transparencia","item":"http:\/\/www.etxauri.eus\/es\/general\/transparencia\/"},{"@type":"ListItem","position":3,"name":"Informaci\u00f3n institucional, cargos electos y personal del ayuntamiento","item":"http:\/\/www.etxauri.eus\/es\/general\/transparencia\/informacion-institucional-cargos-electos-y-personal-del-ayuntamiento\/"},{"@type":"ListItem","position":4,"name":"Organizaci\u00f3n y patrimonio municipal"}]},{"@type":"WebSite","@id":"https:\/\/www.etxauri.eus\/es\/#website","url":"https:\/\/www.etxauri.eus\/es\/","name":"Ayuntamiento de Etxauri","description":"Ayuntamiento de Etxauri","potentialAction":[{"@type":"SearchAction","target":{"@type":"EntryPoint","urlTemplate":"https:\/\/www.etxauri.eus\/es\/?s={search_term_string}"},"query-input":{"@type":"PropertyValueSpecification","valueRequired":true,"valueName":"search_term_string"}}],"inLanguage":"es"}]}},"_links":{"self":[{"href":"http:\/\/www.etxauri.eus\/es\/wp-json\/wp\/v2\/pages\/7264","targetHints":{"allow":["GET"]}}],"collection":[{"href":"http:\/\/www.etxauri.eus\/es\/wp-json\/wp\/v2\/pages"}],"about":[{"href":"http:\/\/www.etxauri.eus\/es\/wp-json\/wp\/v2\/types\/page"}],"author":[{"embeddable":true,"href":"http:\/\/www.etxauri.eus\/es\/wp-json\/wp\/v2\/users\/1"}],"replies":[{"embeddable":true,"href":"http:\/\/www.etxauri.eus\/es\/wp-json\/wp\/v2\/comments?post=7264"}],"version-history":[{"count":0,"href":"http:\/\/www.etxauri.eus\/es\/wp-json\/wp\/v2\/pages\/7264\/revisions"}],"up":[{"embeddable":true,"href":"http:\/\/www.etxauri.eus\/es\/wp-json\/wp\/v2\/pages\/7250"}],"wp:attachment":[{"href":"http:\/\/www.etxauri.eus\/es\/wp-json\/wp\/v2\/media?parent=7264"}],"curies":[{"name":"wp","href":"https:\/\/api.w.org\/{rel}","templated":true}]}}